{"id":12,"date":"2022-03-24T04:23:13","date_gmt":"2022-03-24T04:23:13","guid":{"rendered":"https:\/\/escjmc.cl\/wp\/?page_id=12"},"modified":"2026-03-14T15:28:15","modified_gmt":"2026-03-14T15:28:15","slug":"contacto","status":"publish","type":"page","link":"https:\/\/escjmc.cl\/wp\/?page_id=12","title":{"rendered":"\u00a1\u00a1\u00a1Contactenos!!!"},"content":{"rendered":"\n<p class=\"has-medium-font-size\">Si desea justificar una inasistencia presione el bot\u00f3n &#8220;ingresar justificaci\u00f3n&#8221;, para realizar consultas a trav\u00e9s del correo electr\u00f3nico presione &#8220;Enviar Correo Electr\u00f3nico&#8221;.<\/p>\n\n\n\n<hr class=\"wp-block-separator has-alpha-channel-opacity\"\/>\n\n\n\n<style>\n.boton-animado {\n  display: inline-block;\n  padding: 14px 28px;\n  background-color: #1a73e8;\n  color: white;\n  font-size: 18px;\n  font-weight: 600;\n  border-radius: 8px;\n  text-decoration: none;\n  transition: transform 0.25s ease, box-shadow 0.25s ease;\n  box-shadow: 0 4px 10px rgba(0,0,0,0.15);\n}\n\n.boton-animado:hover {\n  transform: translateY(-3px) scale(1.03);\n  box-shadow: 0 8px 18px rgba(0,0,0,0.25);\n  background-color: #1669c1;\n}\n<\/style>\n\n<div style=\"text-align:center; margin: 20px 0;\">\n  <a class=\"boton-animado\" \n     href=\"https:\/\/docs.google.com\/forms\/d\/e\/1FAIpQLSfF5Iytsfs7VwBuwbyHRZuj7_67BkzGzrr0ZxtSnYcom0KgUg\/viewform\" \n     target=\"_blank\" \n     rel=\"noopener noreferrer\">\n     Ingresar Justificaci\u00f3n\n  <\/a>\n<\/div>\n\n\n\n<hr class=\"wp-block-separator has-alpha-channel-opacity\"\/>\n\n\n\n<div style=\"text-align: center;\">\n  <a href=\"mailto:info@escjmc.cl?subject=Consulta%20desde%20la%20web&#038;body=Hola,%20escribo%20desde%20su%20sitio%20web.%20Mi%20nombre%20es%20[Escriba%20su%20nombre%20Aqu\u00ed]%20y%20mi%20consulta%20es:\"\n     style=\"\n        display: inline-block;\n        padding: 12px 25px;\n        background-color: #0073aa;\n        color: white;\n        text-align: center;\n        text-decoration: none;\n        font-size: 18px;\n        font-weight: bold;\n        border-radius: 5px;\n        cursor: pointer;\n        transition: background-color 0.3s ease;\n     \">\n    Enviar correo electr\u00f3nico\n  <\/a>\n<\/div>\n\n\n\n<div style=\"display: flex; justify-content: center; margin: 20px 0;\">\n  <iframe \n    data-src=\"https:\/\/www.google.com\/maps\/embed?pb=!1m18!1m12!1m3!1d399.0951565392116!2d-73.14023274819681!3d-36.8481935459522!2m3!1f0!2f0!3f0!3m2!1i1024!2i768!4f13.1!3m3!1m2!1s0x9669cbd5f70f22c7%3A0xb728fa79f2f19882!2sRen%C3%A9%20Schneider%20545%2C%20San%20Pedro%20de%20la%20Paz%2C%20B%C3%ADo%20B%C3%ADo!5e0!3m2!1ses!2scl!4v1772022532648!5m2!1ses!2scl\" \n    width=\"600\" \n    height=\"450\" \n    style=\"border:0;\" \n    allowfullscreen=\"\" \n    \n    referrerpolicy=\"no-referrer-when-downgrade\" src=\"data:image\/svg+xml;base64,PHN2ZyB3aWR0aD0iMSIgaGVpZ2h0PSIxIiB4bWxucz0iaHR0cDovL3d3dy53My5vcmcvMjAwMC9zdmciPjwvc3ZnPg==\" class=\"lazyload\" data-load-mode=\"1\">\n  <\/iframe>\n<\/div>\n","protected":false},"excerpt":{"rendered":"<p>Si desea justificar una inasistencia presione el bot\u00f3n &#8220;ingresar justificaci\u00f3n&#8221;, para realizar consultas a trav\u00e9s del correo electr\u00f3nico presione &#8220;Enviar Correo Electr\u00f3nico&#8221;. Ingresar Justificaci\u00f3n Enviar correo electr\u00f3nico<\/p>\n","protected":false},"author":1,"featured_media":0,"parent":0,"menu_order":0,"comment_status":"closed","ping_status":"closed","template":"","meta":{"footnotes":""},"class_list":["post-12","page","type-page","status-publish","hentry"],"_links":{"self":[{"href":"https:\/\/escjmc.cl\/wp\/index.php?rest_route=\/wp\/v2\/pages\/12","targetHints":{"allow":["GET"]}}],"collection":[{"href":"https:\/\/escjmc.cl\/wp\/index.php?rest_route=\/wp\/v2\/pages"}],"about":[{"href":"https:\/\/escjmc.cl\/wp\/index.php?rest_route=\/wp\/v2\/types\/page"}],"author":[{"embeddable":true,"href":"https:\/\/escjmc.cl\/wp\/index.php?rest_route=\/wp\/v2\/users\/1"}],"replies":[{"embeddable":true,"href":"https:\/\/escjmc.cl\/wp\/index.php?rest_route=%2Fwp%2Fv2%2Fcomments&post=12"}],"version-history":[{"count":26,"href":"https:\/\/escjmc.cl\/wp\/index.php?rest_route=\/wp\/v2\/pages\/12\/revisions"}],"predecessor-version":[{"id":5990,"href":"https:\/\/escjmc.cl\/wp\/index.php?rest_route=\/wp\/v2\/pages\/12\/revisions\/5990"}],"wp:attachment":[{"href":"https:\/\/escjmc.cl\/wp\/index.php?rest_route=%2Fwp%2Fv2%2Fmedia&parent=12"}],"curies":[{"name":"wp","href":"https:\/\/api.w.org\/{rel}","templated":true}]}}