{"id":30,"date":"2022-03-28T12:54:07","date_gmt":"2022-03-28T12:54:07","guid":{"rendered":"https:\/\/escjmc.cl\/wp\/?page_id=30"},"modified":"2026-03-05T02:02:03","modified_gmt":"2026-03-05T02:02:03","slug":"mision","status":"publish","type":"page","link":"https:\/\/escjmc.cl\/wp\/?page_id=30","title":{"rendered":"Misi\u00f3n"},"content":{"rendered":"\n<p class=\"has-text-align-center\">Somos una Escuela que ofrece a sus estudiantes entornos que propician formaci\u00f3n de aprendizajes integrales, a trav\u00e9s de una sana convivencia escolar y el desarrollo de habilidades y competencias educativas, entregando una orientaci\u00f3n vocacional para asegurar la retenci\u00f3n y continuidad de estudio.<\/p>\n\n\n\n<p class=\"has-text-align-center\"><\/p>\n","protected":false},"excerpt":{"rendered":"<p>Somos una Escuela que ofrece a sus estudiantes entornos que propician formaci\u00f3n de aprendizajes integrales, a trav\u00e9s de una sana convivencia escolar y el desarrollo de habilidades y competencias educativas, entregando una orientaci\u00f3n vocacional para asegurar la retenci\u00f3n y continuidad de estudio.<\/p>\n","protected":false},"author":1,"featured_media":0,"parent":0,"menu_order":0,"comment_status":"closed","ping_status":"closed","template":"","meta":{"footnotes":""},"class_list":["post-30","page","type-page","status-publish","hentry"],"_links":{"self":[{"href":"https:\/\/escjmc.cl\/wp\/index.php?rest_route=\/wp\/v2\/pages\/30","targetHints":{"allow":["GET"]}}],"collection":[{"href":"https:\/\/escjmc.cl\/wp\/index.php?rest_route=\/wp\/v2\/pages"}],"about":[{"href":"https:\/\/escjmc.cl\/wp\/index.php?rest_route=\/wp\/v2\/types\/page"}],"author":[{"embeddable":true,"href":"https:\/\/escjmc.cl\/wp\/index.php?rest_route=\/wp\/v2\/users\/1"}],"replies":[{"embeddable":true,"href":"https:\/\/escjmc.cl\/wp\/index.php?rest_route=%2Fwp%2Fv2%2Fcomments&post=30"}],"version-history":[{"count":3,"href":"https:\/\/escjmc.cl\/wp\/index.php?rest_route=\/wp\/v2\/pages\/30\/revisions"}],"predecessor-version":[{"id":5968,"href":"https:\/\/escjmc.cl\/wp\/index.php?rest_route=\/wp\/v2\/pages\/30\/revisions\/5968"}],"wp:attachment":[{"href":"https:\/\/escjmc.cl\/wp\/index.php?rest_route=%2Fwp%2Fv2%2Fmedia&parent=30"}],"curies":[{"name":"wp","href":"https:\/\/api.w.org\/{rel}","templated":true}]}}